{"id":34,"date":"2014-03-09T19:47:49","date_gmt":"2014-03-09T19:47:49","guid":{"rendered":"http:\/\/www.orfran.es\/?page_id=34"},"modified":"2025-09-05T07:15:27","modified_gmt":"2025-09-05T07:15:27","slug":"ubicacion","status":"publish","type":"page","link":"https:\/\/www.orfran.es\/?page_id=34","title":{"rendered":"Ubicaci\u00f3n"},"content":{"rendered":"<p><a href=\"https:\/\/www.orfran.es\/wp-content\/uploads\/2017\/12\/planorfran.jpg\"><img loading=\"lazy\" decoding=\"async\" class=\"alignnone size-full wp-image-250\" src=\"https:\/\/www.orfran.es\/wp-content\/uploads\/2017\/12\/planorfran.jpg\" alt=\"\" width=\"960\" height=\"458\" srcset=\"https:\/\/www.orfran.es\/wp-content\/uploads\/2017\/12\/planorfran.jpg 960w, https:\/\/www.orfran.es\/wp-content\/uploads\/2017\/12\/planorfran-300x143.jpg 300w, https:\/\/www.orfran.es\/wp-content\/uploads\/2017\/12\/planorfran-768x366.jpg 768w\" sizes=\"auto, (max-width: 960px) 100vw, 960px\" \/><\/a><\/p>\n<p>C\/ Ferm\u00edn Caballero 7 posterior . 28034<\/p>\n<p>Tel. Orfran: 917 382 643<\/p>\n<p>WhatsApp : 627 585 360<\/p>\n<p>paco@orfran.es<\/p>\n<p style=\"text-align: center;\"><em><strong>S\u00d3LO ADMITIMOS UN PAGO POR CUENTA, EN MESAS DE M\u00c1S DE CUATRO COMENSALES<\/strong><\/em><\/p>\n\n\n<figure class=\"wp-block-image size-large\"><a href=\"https:\/\/www.orfran.es\/wp-content\/uploads\/2025\/09\/UNA-CUENTA-scaled.jpg\"><img loading=\"lazy\" decoding=\"async\" width=\"1024\" height=\"786\" src=\"https:\/\/www.orfran.es\/wp-content\/uploads\/2025\/09\/UNA-CUENTA-1024x786.jpg\" alt=\"\" class=\"wp-image-1273\" srcset=\"https:\/\/www.orfran.es\/wp-content\/uploads\/2025\/09\/UNA-CUENTA-1024x786.jpg 1024w, https:\/\/www.orfran.es\/wp-content\/uploads\/2025\/09\/UNA-CUENTA-300x230.jpg 300w, https:\/\/www.orfran.es\/wp-content\/uploads\/2025\/09\/UNA-CUENTA-768x590.jpg 768w, https:\/\/www.orfran.es\/wp-content\/uploads\/2025\/09\/UNA-CUENTA-1536x1180.jpg 1536w, https:\/\/www.orfran.es\/wp-content\/uploads\/2025\/09\/UNA-CUENTA-2048x1573.jpg 2048w\" sizes=\"auto, (max-width: 1024px) 100vw, 1024px\" \/><\/a><\/figure>\n","protected":false},"excerpt":{"rendered":"<p>C\/ Ferm\u00edn Caballero 7 posterior . 28034 Tel. Orfran: 917 382 643 WhatsApp : 627 585 360 paco@orfran.es S\u00d3LO ADMITIMOS UN PAGO POR CUENTA, EN MESAS DE M\u00c1S DE CUATRO COMENSALES<\/p>\n","protected":false},"author":2,"featured_media":87,"parent":0,"menu_order":0,"comment_status":"closed","ping_status":"closed","template":"page-templates\/full-width.php","meta":{"footnotes":""},"class_list":["post-34","page","type-page","status-publish","has-post-thumbnail","hentry"],"_links":{"self":[{"href":"https:\/\/www.orfran.es\/index.php?rest_route=\/wp\/v2\/pages\/34","targetHints":{"allow":["GET"]}}],"collection":[{"href":"https:\/\/www.orfran.es\/index.php?rest_route=\/wp\/v2\/pages"}],"about":[{"href":"https:\/\/www.orfran.es\/index.php?rest_route=\/wp\/v2\/types\/page"}],"author":[{"embeddable":true,"href":"https:\/\/www.orfran.es\/index.php?rest_route=\/wp\/v2\/users\/2"}],"replies":[{"embeddable":true,"href":"https:\/\/www.orfran.es\/index.php?rest_route=%2Fwp%2Fv2%2Fcomments&post=34"}],"version-history":[{"count":16,"href":"https:\/\/www.orfran.es\/index.php?rest_route=\/wp\/v2\/pages\/34\/revisions"}],"predecessor-version":[{"id":1275,"href":"https:\/\/www.orfran.es\/index.php?rest_route=\/wp\/v2\/pages\/34\/revisions\/1275"}],"wp:featuredmedia":[{"embeddable":true,"href":"https:\/\/www.orfran.es\/index.php?rest_route=\/wp\/v2\/media\/87"}],"wp:attachment":[{"href":"https:\/\/www.orfran.es\/index.php?rest_route=%2Fwp%2Fv2%2Fmedia&parent=34"}],"curies":[{"name":"wp","href":"https:\/\/api.w.org\/{rel}","templated":true}]}}